{"id":3531,"date":"2022-10-01T10:17:58","date_gmt":"2022-10-01T09:17:58","guid":{"rendered":"https:\/\/sonicblue-dresden.de\/?page_id=3531"},"modified":"2022-10-07T19:36:35","modified_gmt":"2022-10-07T18:36:35","slug":"foerderverein","status":"publish","type":"page","link":"https:\/\/sonicblue-dresden.de\/?page_id=3531","title":{"rendered":"F\u00f6rderverein"},"content":{"rendered":"\n<p>Seit dem Ende des Jahres 2021 gibt es begleitend zum Ensemble einen gemeinn\u00fctzigen F\u00f6rderverein.<br>Zweck des Vereins ist die F\u00f6rderung von Kunst und Kultur. Er unterst\u00fctzt ideell, materiell und organisatorisch alle Belange des Jazzchores Sonic Blue. Dadurch sollen vor allem k\u00fcnstlerische Leistungen und die musikalische Bildung der Mitglieder des Chores gef\u00f6rdert werden.<\/p>\n\n\n\n<p>Insbesondere versucht der Verein dies zu erreichen durch<br>a. finanzielle Unterst\u00fctzung von Veranstaltungen des Chores<br>b. Organisation von Konzerten und anderen Veranstaltungen im Kontext der Chorarbeit<br>c. Bereitstellung von Arbeitsmitteln und technischem Equipment<br>d. \u00d6ffentlichkeitsarbeit<\/p>\n\n\n\n<p>\u00dcber Unterst\u00fctzung freuen wir uns sehr. Dies ist auf verschiedenen Wegen m\u00f6glich. Ob als Mitglied (Jahresbeitrag 15 \u20ac) oder als einmaliger Spender oder als Sponsor, mit jeder Hilfe l\u00e4sst sich die Qualit\u00e4t unseres Chores weiter steigern. In allen F\u00e4llen gen\u00fcgt eine einfache Kontaktaufnahme \u00fcber u.a. Kan\u00e4le:<\/p>\n\n\n\n<p><strong>Kontakt:<\/strong><\/p>\n\n\n\n<p>Vorstand: Henry Roch, Lucie Weigelt, Vera M\u00fcller-Sch\u00f6nberg <br>EMail: foerderverein@sonicblue-dresden.de<\/p>\n\n\n\n<p><strong>Anschrift:<\/strong><\/p>\n\n\n\n<p>F\u00f6rderverein des Jazzchors >>Sonic Blue&lt;&lt; des Heinrich-Sch\u00fctz-Konservatoriums Dresden<br>c\/o Eigenbetrieb Heinrich-Sch\u00fctz-Konservatorium der Landeshauptstadt Dresden<br>Glacisstra\u00dfe 30\/32<br>01099 Dresden<\/p>\n\n\n\n<p><strong>Aufnahmeantrag:<\/strong><\/p>\n\n\n\n<p><a href=\"https:\/\/sonicblue-dresden.de\/Dokumente\/Foerderverein\/Aufnahmeantrag.pdf\">Mitglied werden im F\u00f6rderverein<\/a><\/p>\n\n\n\n<p><strong>Bankverbindung:<\/strong><\/p>\n\n\n\n<p>Deutsche Skatbank, Zweigniederlassung der VR Bank Altenburger Land<br>DE24 8306 5408 0005 2180 20, Kontoinhaber: F\u00f6rderverein des Jazzchors &#8222;Sonic Blue&#8220;<\/p>\n\n\n\n<p><strong>Finanzamt \/ Vereinsregister:<\/strong><\/p>\n\n\n\n<p>steuerlich gef\u00fchrt beim Finanzamt Dresden-S\u00fcd, 203\/140\/20859<br>Amtsgericht Dresden, VR 11869<\/p>\n","protected":false},"excerpt":{"rendered":"<p>Seit dem Ende des Jahres 2021 gibt es begleitend zum Ensemble einen gemeinn\u00fctzigen F\u00f6rderverein.Zweck des Vereins ist die F\u00f6rderung von Kunst und Kultur. Er unterst\u00fctzt ideell, materiell und organisatorisch alle Belange des Jazzchores Sonic Blue. Dadurch sollen vor allem k\u00fcnstlerische<\/p>\n","protected":false},"author":55,"featured_media":0,"parent":0,"menu_order":0,"comment_status":"closed","ping_status":"closed","template":"","meta":{"ngg_post_thumbnail":0,"footnotes":""},"class_list":["post-3531","page","type-page","status-publish","hentry"],"_links":{"self":[{"href":"https:\/\/sonicblue-dresden.de\/index.php?rest_route=\/wp\/v2\/pages\/3531","targetHints":{"allow":["GET"]}}],"collection":[{"href":"https:\/\/sonicblue-dresden.de\/index.php?rest_route=\/wp\/v2\/pages"}],"about":[{"href":"https:\/\/sonicblue-dresden.de\/index.php?rest_route=\/wp\/v2\/types\/page"}],"author":[{"embeddable":true,"href":"https:\/\/sonicblue-dresden.de\/index.php?rest_route=\/wp\/v2\/users\/55"}],"replies":[{"embeddable":true,"href":"https:\/\/sonicblue-dresden.de\/index.php?rest_route=%2Fwp%2Fv2%2Fcomments&post=3531"}],"version-history":[{"count":0,"href":"https:\/\/sonicblue-dresden.de\/index.php?rest_route=\/wp\/v2\/pages\/3531\/revisions"}],"wp:attachment":[{"href":"https:\/\/sonicblue-dresden.de\/index.php?rest_route=%2Fwp%2Fv2%2Fmedia&parent=3531"}],"curies":[{"name":"wp","href":"https:\/\/api.w.org\/{rel}","templated":true}]}}