{"id":37,"date":"2017-04-16T19:01:56","date_gmt":"2017-04-16T19:01:56","guid":{"rendered":"https:\/\/sonicblue-dresden.de\/?page_id=37"},"modified":"2019-09-20T17:39:51","modified_gmt":"2019-09-20T16:39:51","slug":"chorleiterin","status":"publish","type":"page","link":"https:\/\/sonicblue-dresden.de\/?page_id=37","title":{"rendered":"Leitung"},"content":{"rendered":"<p><strong><img loading=\"lazy\" decoding=\"async\" width=\"265\" height=\"177\" class=\"wp-image-2311 alignright\" alt=\"\" src=\"https:\/\/sonicblue-dresden.de\/wp-content\/uploads\/2019\/09\/CoS-Probe-Konzert-17.jpg\" srcset=\"https:\/\/sonicblue-dresden.de\/wp-content\/uploads\/2019\/09\/CoS-Probe-Konzert-17.jpg 900w, https:\/\/sonicblue-dresden.de\/wp-content\/uploads\/2019\/09\/CoS-Probe-Konzert-17-300x200.jpg 300w, https:\/\/sonicblue-dresden.de\/wp-content\/uploads\/2019\/09\/CoS-Probe-Konzert-17-768x512.jpg 768w, https:\/\/sonicblue-dresden.de\/wp-content\/uploads\/2019\/09\/CoS-Probe-Konzert-17-360x240.jpg 360w\" sizes=\"auto, (max-width: 265px) 100vw, 265px\" \/>Sabine Helmbold<\/strong> wuchs durch den Beruf der Mutter (Kantorin) in einem kirchenmusikalisch gepr\u00e4gten Haus in Kassel auf und begann mit zehn Jahren Violoncello zu spielen. W\u00e4hrend und nach ihrem Gesangsstudium an der Hochschule f\u00fcr Musik in Leipzig f\u00fchrten sie mehrere Konzertreisen (u.a. mit dem Bundesjugendjazzorchester Ltg. Peter Herbolzheimer) durch Europa, den Jemen, Tunesien und die USA.&nbsp; <br><br>Mit verschiedenen K\u00fcnstlern und Ensembles wie z.B. dem Thomas Stahr Trio, der Leipzig Big Band, der German Philharmonic Big Band nahm sie an verschiedenen Festivals,&nbsp; Rundfunk- und CD Produktionen teil. Immer beteiligt sich die Jazzs\u00e4ngerin an Crossoverprojekten von Kirchenmusikern wie David Timm, Christiane Br\u00e4utigam, Volker Br\u00e4utigam und&nbsp; Johannes Gebhardt. <br>P\u00e4dagogische Erfahrung sammelte sie ab 1999&nbsp; in ihrer Lehrt\u00e4tigkeit f\u00fcr Gesang, Jazzchor und Improvisation am Heinrich-Sch\u00fctz-Konservatorium Dresden.&nbsp; Seit 2006 ist Sabine Helmbold als Dozentin f\u00fcr Jazzchor, Chorleitung, Gesang und Audiation (Singen unter dem Aspekt der Geh\u00f6rbildung) an der Hochschule f\u00fcr Musik Carl Maria von Weber in Dresden t\u00e4tig.&nbsp; <br><br><img loading=\"lazy\" decoding=\"async\" width=\"248\" height=\"165\" class=\"wp-image-2312 alignleft\" alt=\"\" src=\"https:\/\/sonicblue-dresden.de\/wp-content\/uploads\/2019\/09\/CoS-Probe-Konzert-14.jpg\" srcset=\"https:\/\/sonicblue-dresden.de\/wp-content\/uploads\/2019\/09\/CoS-Probe-Konzert-14.jpg 900w, https:\/\/sonicblue-dresden.de\/wp-content\/uploads\/2019\/09\/CoS-Probe-Konzert-14-300x200.jpg 300w, https:\/\/sonicblue-dresden.de\/wp-content\/uploads\/2019\/09\/CoS-Probe-Konzert-14-768x512.jpg 768w, https:\/\/sonicblue-dresden.de\/wp-content\/uploads\/2019\/09\/CoS-Probe-Konzert-14-360x240.jpg 360w\" sizes=\"auto, (max-width: 248px) 100vw, 248px\" \/>Mit dem Jazz- und Popchor Conference Of Swing, dessen Leitung sie seit der Gr\u00fcndung 1999 inne hat bestreitet sie zahlreiche Konzerte und Wettbewerbe. Im Jahr 2011 machte das Ensemble eine&nbsp; Konzertreise nach Gro\u00dfbritannien.&nbsp; Als Chorleiterin vertiefte sie ihr Wissen in einem berufsbegleitenden Lehrgang f\u00fcr Jazz- und Popchorleitung in Wolfenb\u00fcttel, und besucht(e) Fortbildungen und Meisterkurse u.a. bei Marlene Rigtrup; Oli Gies; Kirby Shaw, Roger Treece; Michele Weir; Matthias Becker und Prof. Anne Kohler.&nbsp; <br><br>Im M\u00e4rz 2017 f\u00fchrte Conference Of Swing mit der Big Band der Musikhochschule Hannover und Chicagoer Musikern die europ\u00e4ische Erstauff\u00fchrung der Chicago Jazzpassion in Berlin und Leipzig auf. <br><br>Im November 2017 wurde sie als Referentin zur Tagung an der Dresdner <img loading=\"lazy\" decoding=\"async\" width=\"215\" height=\"144\" class=\"wp-image-2313 alignright\" alt=\"\" src=\"https:\/\/sonicblue-dresden.de\/wp-content\/uploads\/2019\/09\/CoS-Probe-Konzert-15.jpg\" srcset=\"https:\/\/sonicblue-dresden.de\/wp-content\/uploads\/2019\/09\/CoS-Probe-Konzert-15.jpg 900w, https:\/\/sonicblue-dresden.de\/wp-content\/uploads\/2019\/09\/CoS-Probe-Konzert-15-300x200.jpg 300w, https:\/\/sonicblue-dresden.de\/wp-content\/uploads\/2019\/09\/CoS-Probe-Konzert-15-768x512.jpg 768w, https:\/\/sonicblue-dresden.de\/wp-content\/uploads\/2019\/09\/CoS-Probe-Konzert-15-360x240.jpg 360w\" sizes=\"auto, (max-width: 215px) 100vw, 215px\" \/>Musikhochschule f\u00fcr &#8222;Relative Solmisation in Schule &#8211; Musikschule &#8211; Hochschule..\u201c&nbsp; eingeladen. <br>Am 3. Dezember 2017 er\u00f6ffnete sie mit UMD Prof. David Timm und der Leipzig Big Band die Universit\u00e4tskirche St. Pauli zu Leipzig (MDR Fernsehen)<\/p>\n\n\n<p><\/p>\n","protected":false},"excerpt":{"rendered":"<p>Sabine Helmbold wuchs durch den Beruf der Mutter (Kantorin) in einem kirchenmusikalisch gepr\u00e4gten Haus in Kassel auf und begann mit zehn Jahren Violoncello zu spielen. W\u00e4hrend und nach ihrem Gesangsstudium an der Hochschule f\u00fcr Musik in Leipzig f\u00fchrten sie mehrere<\/p>\n","protected":false},"author":55,"featured_media":0,"parent":57,"menu_order":0,"comment_status":"closed","ping_status":"closed","template":"","meta":{"ngg_post_thumbnail":0,"footnotes":""},"class_list":["post-37","page","type-page","status-publish","hentry"],"_links":{"self":[{"href":"https:\/\/sonicblue-dresden.de\/index.php?rest_route=\/wp\/v2\/pages\/37","targetHints":{"allow":["GET"]}}],"collection":[{"href":"https:\/\/sonicblue-dresden.de\/index.php?rest_route=\/wp\/v2\/pages"}],"about":[{"href":"https:\/\/sonicblue-dresden.de\/index.php?rest_route=\/wp\/v2\/types\/page"}],"author":[{"embeddable":true,"href":"https:\/\/sonicblue-dresden.de\/index.php?rest_route=\/wp\/v2\/users\/55"}],"replies":[{"embeddable":true,"href":"https:\/\/sonicblue-dresden.de\/index.php?rest_route=%2Fwp%2Fv2%2Fcomments&post=37"}],"version-history":[{"count":0,"href":"https:\/\/sonicblue-dresden.de\/index.php?rest_route=\/wp\/v2\/pages\/37\/revisions"}],"up":[{"embeddable":true,"href":"https:\/\/sonicblue-dresden.de\/index.php?rest_route=\/wp\/v2\/pages\/57"}],"wp:attachment":[{"href":"https:\/\/sonicblue-dresden.de\/index.php?rest_route=%2Fwp%2Fv2%2Fmedia&parent=37"}],"curies":[{"name":"wp","href":"https:\/\/api.w.org\/{rel}","templated":true}]}}