{"id":57,"date":"2017-04-16T19:22:54","date_gmt":"2017-04-16T19:22:54","guid":{"rendered":"https:\/\/sonicblue-dresden.de\/?page_id=57"},"modified":"2024-12-15T11:54:43","modified_gmt":"2024-12-15T10:54:43","slug":"ueber-uns","status":"publish","type":"page","link":"https:\/\/sonicblue-dresden.de\/?page_id=57","title":{"rendered":"Chor (\u00fcber uns)"},"content":{"rendered":"<p><span style=\"font-family: 'Fira Sans'; font-size: 12pt; color: #000000;\">Der Jazz- und Popchor des Heinrich-Sch\u00fctz-Konservatoriums Dresden wurde im April 1999 unter dem Namen \u00bbConference Of Swing\u00ab gegr\u00fcndet und zum 1. September 2021 in \u00bbSonic Blue\u00ab umbenannt.<\/span><\/p>\n<p><span class=\"\" style=\"color: #000000; font-family: 'Fira Sans'; font-size: 12pt;\"><span class=\"\">Zurzeit besteht der Chor aus \u00fcber 30 S\u00e4ngerinnen und S\u00e4ngern. Unter der Leitung von Sabine Helmbold singt er internationale Jazzchorliteratur sowie Pop-, Soul-, und Gospelmusik in ambitionierten vier- bis achtstimmigen Arrangements. Originals\u00e4tze von Sabine Helmbold geh\u00f6ren ebenfalls zum Repertoire.<\/span><\/span><\/p>\n<p><span class=\"\" style=\"color: #000000; font-family: 'Fira Sans'; font-size: 12pt;\"><span class=\"\">Neben der w\u00f6chentlichen gemeinsamen Probe finden Registerproben und weitere Proben zur Vorbereitung von Konzerten sowie mindestens ein Chorwochenende pro Jahr statt. Workshops und Coachings mit professionellen Vokalcoaches (bisher u. a. Erik Sohn und Jan-Hendrik Herrmann) erg\u00e4nzen zus\u00e4tzlich die Probenarbeit.<\/span><\/span><\/p>\n<p><span class=\"\" style=\"color: #000000; font-family: 'Fira Sans'; font-size: 12pt;\"><span class=\"\">Sonic Blue nimmt regelm\u00e4\u00dfig mit sehr gutem Erfolg an regionalen Chorwettbewerben teil und hat bereits mehrere F\u00f6rderpreise gewinnen k\u00f6nnen.<\/span><\/span><\/p>\n<p><span class=\"\" style=\"font-family: 'Fira Sans'; font-size: 12pt; color: #000000;\">Konzertreisen f\u00fchrten den Chor unter anderem nach Gro\u00dfbritannien (2011), an den Bodensee (2012) und nach Hamburg (2019). Zu den Highlights der letzten Jahre z\u00e4hlen regelm\u00e4\u00dfige Sommerkonzerte in Dresden (u.a. St.-Pauli-Ruine, Dixiebahnhof Weixdorf), Mitwirken an der Jazzpassion in Leipzig und Berlin (2017), die Chornacht beim Palaissommer Dresden (2018) sowie fast schon traditionell gewordene Weihnachtskonzerte auf Schloss Klippenstein in Radeberg.<\/span><\/p>\n<p><span style=\"font-family: 'Fira Sans'; font-size: 12pt; color: #000000;\">Einen H\u00f6hepunkt besonderer Art haben wir im Jahr 2024 geschaffen. Zu unserem 25-j\u00e4hrigen Bestehen reisten wir in die Dresdner Partnerstadt Wroclaw und durften dort im Generalkonsulat anl\u00e4sslich der Feierlichkeiten des 3. Oktober am Festprogramm mitwirken. Zusammen mit einem Konzert im Dominikanerkloster hat uns dieser Besuch sehr ber\u00fchrt und nachhaltig beeindruckt. Das Jubil\u00e4umsjahr vervollst\u00e4ndigten Konzerte in der St. Pauli-Ruine, Rosswein und Radeberg.<\/span><\/p>\n","protected":false},"excerpt":{"rendered":"<p>Der Jazz- und Popchor des Heinrich-Sch\u00fctz-Konservatoriums Dresden wurde im April 1999 unter dem Namen \u00bbConference Of Swing\u00ab gegr\u00fcndet und zum 1. September 2021 in \u00bbSonic Blue\u00ab umbenannt. Zurzeit besteht der Chor aus \u00fcber 30 S\u00e4ngerinnen und S\u00e4ngern. Unter der Leitung<\/p>\n","protected":false},"author":55,"featured_media":0,"parent":0,"menu_order":0,"comment_status":"closed","ping_status":"closed","template":"","meta":{"ngg_post_thumbnail":0,"footnotes":""},"class_list":["post-57","page","type-page","status-publish","hentry"],"_links":{"self":[{"href":"https:\/\/sonicblue-dresden.de\/index.php?rest_route=\/wp\/v2\/pages\/57","targetHints":{"allow":["GET"]}}],"collection":[{"href":"https:\/\/sonicblue-dresden.de\/index.php?rest_route=\/wp\/v2\/pages"}],"about":[{"href":"https:\/\/sonicblue-dresden.de\/index.php?rest_route=\/wp\/v2\/types\/page"}],"author":[{"embeddable":true,"href":"https:\/\/sonicblue-dresden.de\/index.php?rest_route=\/wp\/v2\/users\/55"}],"replies":[{"embeddable":true,"href":"https:\/\/sonicblue-dresden.de\/index.php?rest_route=%2Fwp%2Fv2%2Fcomments&post=57"}],"version-history":[{"count":2,"href":"https:\/\/sonicblue-dresden.de\/index.php?rest_route=\/wp\/v2\/pages\/57\/revisions"}],"predecessor-version":[{"id":4586,"href":"https:\/\/sonicblue-dresden.de\/index.php?rest_route=\/wp\/v2\/pages\/57\/revisions\/4586"}],"wp:attachment":[{"href":"https:\/\/sonicblue-dresden.de\/index.php?rest_route=%2Fwp%2Fv2%2Fmedia&parent=57"}],"curies":[{"name":"wp","href":"https:\/\/api.w.org\/{rel}","templated":true}]}}