{"id":59,"date":"2017-04-16T19:22:54","date_gmt":"2017-04-16T19:22:54","guid":{"rendered":"https:\/\/sonicblue-dresden.de\/?page_id=59"},"modified":"2019-09-21T06:10:43","modified_gmt":"2019-09-21T05:10:43","slug":"repertoire","status":"publish","type":"page","link":"https:\/\/sonicblue-dresden.de\/?page_id=59","title":{"rendered":"Repertoire"},"content":{"rendered":"\n<p>Unsere Liedauswahl unterliegt einem st\u00e4ndigen Wandel. Dies hat verschiedene Gr\u00fcnde. <br>Mit der Zeit kann sich die Klangfarbe des Chores \u00e4ndern, so dass einzelne St\u00fccke einfach nicht mehr passen. Der Zeitgeist kann sich \u00e4ndern, so dass Konzerte einen anderen Schwerpunkt bekommen sollen. <br>Oder ambitionierte S\u00e4ngerInnen schn\u00fcffeln im Notenschrank und f\u00f6rdern vergessene Sch\u00e4tze wieder zu Tage. <br><br>Hier ein kleiner Auszug aus unserem aktuellen Repertoire:<\/p>\n\n\n\n<p><strong>Be still my heart<\/strong><br><em>Arr.: Juan M. V. Garcia, Text: Michael Deegan McGurk, Musik: Silje Nergaard<\/em><\/p>\n\n\n\n<p><strong>Human<\/strong><br><em>Arr.: Oliver Gies, Text &amp; Musik: Rory Graham &amp; Jamie Hartman<\/em><\/p>\n\n\n\n<p><strong>Little smile<\/strong><br><em>Text &amp; Musik: Christoph Hiller<\/em><\/p>\n\n\n\n<p><strong>Savor so<\/strong><br><em>Text &amp; Musik: Darmon Meader<\/em><\/p>\n\n\n\n<p><strong>Es war ein K\u00f6nig in Thule<\/strong><br><em>Arr.: Sabine Helmbold, Text: J. W. v. Goethe, Musik: Carl Friedrich Zelter<\/em><\/p>\n\n\n\n<p>&#8230;u.v.m., insbesondere auch Weihnachtliches, wenn die Zeit daf\u00fcr gekommen ist&#8230;<\/p>\n","protected":false},"excerpt":{"rendered":"<p>Unsere Liedauswahl unterliegt einem st\u00e4ndigen Wandel. Dies hat verschiedene Gr\u00fcnde. Mit der Zeit kann sich die Klangfarbe des Chores \u00e4ndern, so dass einzelne St\u00fccke einfach nicht mehr passen. Der Zeitgeist kann sich \u00e4ndern, so dass Konzerte einen anderen Schwerpunkt bekommen<\/p>\n","protected":false},"author":55,"featured_media":0,"parent":57,"menu_order":0,"comment_status":"closed","ping_status":"closed","template":"","meta":{"ngg_post_thumbnail":0,"footnotes":""},"class_list":["post-59","page","type-page","status-publish","hentry"],"_links":{"self":[{"href":"https:\/\/sonicblue-dresden.de\/index.php?rest_route=\/wp\/v2\/pages\/59","targetHints":{"allow":["GET"]}}],"collection":[{"href":"https:\/\/sonicblue-dresden.de\/index.php?rest_route=\/wp\/v2\/pages"}],"about":[{"href":"https:\/\/sonicblue-dresden.de\/index.php?rest_route=\/wp\/v2\/types\/page"}],"author":[{"embeddable":true,"href":"https:\/\/sonicblue-dresden.de\/index.php?rest_route=\/wp\/v2\/users\/55"}],"replies":[{"embeddable":true,"href":"https:\/\/sonicblue-dresden.de\/index.php?rest_route=%2Fwp%2Fv2%2Fcomments&post=59"}],"version-history":[{"count":0,"href":"https:\/\/sonicblue-dresden.de\/index.php?rest_route=\/wp\/v2\/pages\/59\/revisions"}],"up":[{"embeddable":true,"href":"https:\/\/sonicblue-dresden.de\/index.php?rest_route=\/wp\/v2\/pages\/57"}],"wp:attachment":[{"href":"https:\/\/sonicblue-dresden.de\/index.php?rest_route=%2Fwp%2Fv2%2Fmedia&parent=59"}],"curies":[{"name":"wp","href":"https:\/\/api.w.org\/{rel}","templated":true}]}}